{"id":12820,"date":"2026-02-04T05:36:42","date_gmt":"2026-02-04T05:36:42","guid":{"rendered":"https:\/\/aprodoor.com\/?post_type=product&#038;p=12820"},"modified":"2026-03-06T02:16:31","modified_gmt":"2026-03-06T02:16:31","slug":"porte-coulissante-a-levage-serie-a140t","status":"publish","type":"product","link":"https:\/\/aprodoor.com\/fr\/product\/a140t-series-lift-sliding-door\/","title":{"rendered":"Porte coulissante et levante s\u00e9rie A140T"},"content":{"rendered":"","protected":false},"excerpt":{"rendered":"<p>Porte coulissante et relevable en aluminium \u00e0 rupture de pont thermique, avec \u00e9tanch\u00e9it\u00e9 \u00e0 l&#039;air de classe 8, contr\u00f4le acoustique de 44 dB, isolation renforc\u00e9e et r\u00e9sistance au vent AW pour les b\u00e2timents modernes.<\/p>","protected":false},"featured_media":12822,"template":"","format":"standard","meta":{"_acf_changed":true},"product-category":[186,187],"class_list":["post-12820","product","type-product","status-publish","format-standard","has-post-thumbnail","hentry","product-category-aluminum-door","product-category-sliding-door"],"acf":[],"aioseo_notices":[],"_links":{"self":[{"href":"https:\/\/aprodoor.com\/fr\/wp-json\/wp\/v2\/product\/12820","targetHints":{"allow":["GET"]}}],"collection":[{"href":"https:\/\/aprodoor.com\/fr\/wp-json\/wp\/v2\/product"}],"about":[{"href":"https:\/\/aprodoor.com\/fr\/wp-json\/wp\/v2\/types\/product"}],"wp:featuredmedia":[{"embeddable":true,"href":"https:\/\/aprodoor.com\/fr\/wp-json\/wp\/v2\/media\/12822"}],"wp:attachment":[{"href":"https:\/\/aprodoor.com\/fr\/wp-json\/wp\/v2\/media?parent=12820"}],"wp:term":[{"taxonomy":"product-category","embeddable":true,"href":"https:\/\/aprodoor.com\/fr\/wp-json\/wp\/v2\/product-category?post=12820"}],"curies":[{"name":"wp","href":"https:\/\/api.w.org\/{rel}","templated":true}]}}