{"id":12777,"date":"2026-02-03T03:21:43","date_gmt":"2026-02-03T03:21:43","guid":{"rendered":"https:\/\/aprodoor.com\/?post_type=product&#038;p=12777"},"modified":"2026-03-06T03:19:16","modified_gmt":"2026-03-06T03:19:16","slug":"janela-fixa-da-serie-a80t","status":"publish","type":"product","link":"https:\/\/aprodoor.com\/pt\/product\/a80t-series-fixed-window\/","title":{"rendered":"Janela fixa da s\u00e9rie A80T"},"content":{"rendered":"","protected":false},"excerpt":{"rendered":"<p>A janela fixa A80T possui uma estrutura de alum\u00ednio com ruptura t\u00e9rmica de 80 mm, vidros duplos ou triplos, alta estanqueidade ao ar, forte resist\u00eancia ao vento e certifica\u00e7\u00e3o Energy Star.<\/p>","protected":false},"featured_media":12803,"template":"","format":"standard","meta":{"_acf_changed":true},"product-category":[183,185],"class_list":["post-12777","product","type-product","status-publish","format-standard","has-post-thumbnail","hentry","product-category-aluminum-window","product-category-fixed-window"],"acf":[],"aioseo_notices":[],"_links":{"self":[{"href":"https:\/\/aprodoor.com\/pt\/wp-json\/wp\/v2\/product\/12777","targetHints":{"allow":["GET"]}}],"collection":[{"href":"https:\/\/aprodoor.com\/pt\/wp-json\/wp\/v2\/product"}],"about":[{"href":"https:\/\/aprodoor.com\/pt\/wp-json\/wp\/v2\/types\/product"}],"wp:featuredmedia":[{"embeddable":true,"href":"https:\/\/aprodoor.com\/pt\/wp-json\/wp\/v2\/media\/12803"}],"wp:attachment":[{"href":"https:\/\/aprodoor.com\/pt\/wp-json\/wp\/v2\/media?parent=12777"}],"wp:term":[{"taxonomy":"product-category","embeddable":true,"href":"https:\/\/aprodoor.com\/pt\/wp-json\/wp\/v2\/product-category?post=12777"}],"curies":[{"name":"wp","href":"https:\/\/api.w.org\/{rel}","templated":true}]}}