{"id":13236,"date":"2026-02-28T07:26:13","date_gmt":"2026-02-28T07:26:13","guid":{"rendered":"https:\/\/aprodoor.com\/?post_type=product&#038;p=13236"},"modified":"2026-03-06T03:18:13","modified_gmt":"2026-03-06T03:18:13","slug":"porta-articulada-da-serie-a80t","status":"publish","type":"product","link":"https:\/\/aprodoor.com\/pt\/product\/a80t-series-hinged-door\/","title":{"rendered":"Porta de batente da s\u00e9rie A80T"},"content":{"rendered":"","protected":false},"excerpt":{"rendered":"<p>Porta articulada com ruptura t\u00e9rmica A80T, com certifica\u00e7\u00e3o NFRC e CSA, op\u00e7\u00f5es de vidro triplo, fator U de 0,22, vidro de baixa emissividade com arg\u00f4nio e excelentes classifica\u00e7\u00f5es ac\u00fasticas.<\/p>","protected":false},"featured_media":13241,"template":"","format":"standard","meta":{"_acf_changed":true},"product-category":[186,189],"class_list":["post-13236","product","type-product","status-publish","format-standard","has-post-thumbnail","hentry","product-category-aluminum-door","product-category-hinged-door"],"acf":[],"aioseo_notices":[],"_links":{"self":[{"href":"https:\/\/aprodoor.com\/pt\/wp-json\/wp\/v2\/product\/13236","targetHints":{"allow":["GET"]}}],"collection":[{"href":"https:\/\/aprodoor.com\/pt\/wp-json\/wp\/v2\/product"}],"about":[{"href":"https:\/\/aprodoor.com\/pt\/wp-json\/wp\/v2\/types\/product"}],"wp:featuredmedia":[{"embeddable":true,"href":"https:\/\/aprodoor.com\/pt\/wp-json\/wp\/v2\/media\/13241"}],"wp:attachment":[{"href":"https:\/\/aprodoor.com\/pt\/wp-json\/wp\/v2\/media?parent=13236"}],"wp:term":[{"taxonomy":"product-category","embeddable":true,"href":"https:\/\/aprodoor.com\/pt\/wp-json\/wp\/v2\/product-category?post=13236"}],"curies":[{"name":"wp","href":"https:\/\/api.w.org\/{rel}","templated":true}]}}